{"id":2529,"date":"2023-09-17T21:52:45","date_gmt":"2023-09-17T19:52:45","guid":{"rendered":"https:\/\/www.horseaffinity.ch\/?post_type=product&#038;p=2529"},"modified":"2024-03-15T15:35:14","modified_gmt":"2024-03-15T14:35:14","slug":"14-03-2024-webinaire-entrainement-du-cheval-selon-les-principes-biomecaniques-partie-2","status":"publish","type":"product","link":"https:\/\/www.horseaffinity.ch\/index.php\/produit\/14-03-2024-webinaire-entrainement-du-cheval-selon-les-principes-biomecaniques-partie-2\/","title":{"rendered":"14.03.2024 \u2022 Travail du cheval: les concepts biom\u00e9caniques importants pour un bon entra\u00eenement"},"content":{"rendered":"<p>Parce que, par nature, le cheval n\u2019est pas fait pour porter un cavalier sur son dos, il est important de <em>comprendre son fonctionnement biom\u00e9canique<\/em> pour l\u2019aider au mieux dans cette t\u00e2che et rester en bonne sant\u00e9.<\/p>\n<p><strong>Contenu\u00a0:<\/strong><\/p>\n<ul>\n<li>La biom\u00e9canique du cheval\u00a0: rappels anatomiques et fonctionnels<\/li>\n<li>Les m\u00e9canismes de compensations<\/li>\n<li>Eduquer son regard\u00a0: reconna\u00eetre les postures du cheval<\/li>\n<li>La stabilit\u00e9 du cavalier, pourquoi est-ce si important\u00a0? Et comment l\u2019am\u00e9liorer\u00a0?<\/li>\n<\/ul>\n<p><strong>Pr\u00e9sentation de l&rsquo;intervenante:<\/strong><\/p>\n<p>Helen Aepli, dipl\u00f4m\u00e9e v\u00e9t\u00e9rinaire en 2009, s\u2019est form\u00e9e en chiropraxie et en ost\u00e9opathie animale. Elle combine pratique allopathique et th\u00e9rapies manuelles jusqu\u2019en septembre dernier o\u00f9 elle d\u00e9cide de se consacrer uniquement \u00e0 l\u2019ost\u00e9opathie et \u00e0 la chiropraxie. Ce qui la botte le plus? Aider le couple cavalier-cheval \u00e0 trouver des solutions pour l\u2019\u00e9volution du cheval dans le travail. Comment ? Au travers d\u2019un examen dynamique et palpatoire de l\u2019animal et surtout en donnant des cl\u00e9s dans le travail \u00e0 poursuivre avec l\u2019\u00e9quid\u00e9. Pour cela, sa passion pour la psychologie du cheval ainsi que pour la biom\u00e9canique \u00e9quine sont des outils extr\u00eamement importants.<\/p>\n<p><em>Le 23 f\u00e9vrier 2023, Helen a donn\u00e9 un webinaire sur \u00ab\u00a0<\/em>Entra\u00eenement du cheval selon les principes biom\u00e9caniques &#8211; partie 1&Prime;. <em>Vous pouvez acheter ce webinaire sur notre boutique en ligne ou <a href=\"https:\/\/www.horseaffinity.ch\/index.php\/produit\/23-02-2023-webinaire-helen-aepli\/\" target=\"_blank\" rel=\"noopener\">en cliquant ici.<\/a><\/em><\/p>\n","protected":false},"excerpt":{"rendered":"<blockquote><p>Travail du cheval: les concepts biom\u00e9caniques importants pour un bon entra\u00eenement<\/p><\/blockquote>\n<p>Date : 14 mars 2024<br \/>\nHoraire: 20h00<br \/>\nIntervenante: Helen Aepli<br \/>\nDur\u00e9e: environ 1h30<br \/>\nPlateforme:\u00a0Zoom<br \/>\nDate limite de visionnage: aucun<br \/>\nReplay: oui<\/p>\n<p><strong>Le lien de connexion vous parviendra 24h avant l&rsquo;\u00e9v\u00e9nement.<\/strong><\/p>\n<p><em>Cr\u00e9dit photo: Soraya Exquis Photographie<\/em><\/p>\n","protected":false},"featured_media":2910,"comment_status":"open","ping_status":"closed","template":"","meta":[],"product_cat":[27,25],"product_tag":[],"class_list":["post-2529","product","type-product","status-publish","has-post-thumbnail","hentry","product_cat-replay","product_cat-webinaires"],"_links":{"self":[{"href":"https:\/\/www.horseaffinity.ch\/index.php\/wp-json\/wp\/v2\/product\/2529","targetHints":{"allow":["GET"]}}],"collection":[{"href":"https:\/\/www.horseaffinity.ch\/index.php\/wp-json\/wp\/v2\/product"}],"about":[{"href":"https:\/\/www.horseaffinity.ch\/index.php\/wp-json\/wp\/v2\/types\/product"}],"replies":[{"embeddable":true,"href":"https:\/\/www.horseaffinity.ch\/index.php\/wp-json\/wp\/v2\/comments?post=2529"}],"wp:featuredmedia":[{"embeddable":true,"href":"https:\/\/www.horseaffinity.ch\/index.php\/wp-json\/wp\/v2\/media\/2910"}],"wp:attachment":[{"href":"https:\/\/www.horseaffinity.ch\/index.php\/wp-json\/wp\/v2\/media?parent=2529"}],"wp:term":[{"taxonomy":"product_cat","embeddable":true,"href":"https:\/\/www.horseaffinity.ch\/index.php\/wp-json\/wp\/v2\/product_cat?post=2529"},{"taxonomy":"product_tag","embeddable":true,"href":"https:\/\/www.horseaffinity.ch\/index.php\/wp-json\/wp\/v2\/product_tag?post=2529"}],"curies":[{"name":"wp","href":"https:\/\/api.w.org\/{rel}","templated":true}]}}